{"id":854,"date":"2025-11-24T14:58:51","date_gmt":"2025-11-24T14:58:51","guid":{"rendered":"https:\/\/italcruise.com\/?page_id=854"},"modified":"2026-03-04T18:04:15","modified_gmt":"2026-03-04T18:04:15","slug":"contacto","status":"publish","type":"page","link":"https:\/\/italcruise.com\/it\/contacto\/","title":{"rendered":"Contatti"},"content":{"rendered":"<div data-elementor-type=\"wp-page\" data-elementor-id=\"854\" class=\"elementor elementor-854\" data-elementor-settings=\"{&quot;ha_cmc_init_switcher&quot;:&quot;no&quot;}\">\n\t\t\t\t\t\t<section class=\"elementor-section elementor-top-section elementor-element elementor-element-37a99b0 elementor-section-height-min-height elementor-section-boxed elementor-section-height-default elementor-section-items-middle\" data-id=\"37a99b0\" data-element_type=\"section\" data-settings=\"{&quot;background_background&quot;:&quot;classic&quot;,&quot;_ha_eqh_enable&quot;:false}\">\n\t\t\t\t\t\t\t<div class=\"elementor-background-overlay\"><\/div>\n\t\t\t\t\t\t\t<div class=\"elementor-container elementor-column-gap-default\">\n\t\t\t\t\t<div class=\"elementor-column elementor-col-100 elementor-top-column elementor-element elementor-element-e7dbbeb\" data-id=\"e7dbbeb\" data-element_type=\"column\">\n\t\t\t<div class=\"elementor-widget-wrap elementor-element-populated\">\n\t\t\t\t\t\t<section class=\"elementor-section elementor-inner-section elementor-element elementor-element-0c52dbb elementor-section-boxed elementor-section-height-default elementor-section-height-default\" data-id=\"0c52dbb\" data-element_type=\"section\" data-settings=\"{&quot;_ha_eqh_enable&quot;:false}\">\n\t\t\t\t\t\t<div class=\"elementor-container elementor-column-gap-default\">\n\t\t\t\t\t<div class=\"elementor-column elementor-col-100 elementor-inner-column elementor-element elementor-element-b1a43ab\" data-id=\"b1a43ab\" data-element_type=\"column\">\n\t\t\t<div class=\"elementor-widget-wrap elementor-element-populated\">\n\t\t\t\t\t\t<div class=\"elementor-element elementor-element-a775323 elementor-widget__width-initial elementor-widget elementor-widget-heading\" data-id=\"a775323\" data-element_type=\"widget\" data-widget_type=\"heading.default\">\n\t\t\t\t<div class=\"elementor-widget-container\">\n\t\t\t\t\t<h1 class=\"elementor-heading-title elementor-size-default\">Contattaci<\/h1>\t\t\t\t<\/div>\n\t\t\t\t<\/div>\n\t\t\t\t\t<\/div>\n\t\t<\/div>\n\t\t\t\t\t<\/div>\n\t\t<\/section>\n\t\t\t\t\t<\/div>\n\t\t<\/div>\n\t\t\t\t\t<\/div>\n\t\t<\/section>\n\t\t\t\t<section class=\"elementor-section elementor-top-section elementor-element elementor-element-16d85c0 elementor-section-boxed elementor-section-height-default elementor-section-height-default\" data-id=\"16d85c0\" data-element_type=\"section\" data-settings=\"{&quot;_ha_eqh_enable&quot;:false}\">\n\t\t\t\t\t\t<div class=\"elementor-container elementor-column-gap-default\">\n\t\t\t\t\t<div class=\"elementor-column elementor-col-100 elementor-top-column elementor-element elementor-element-b114262\" data-id=\"b114262\" data-element_type=\"column\">\n\t\t\t<div class=\"elementor-widget-wrap elementor-element-populated\">\n\t\t\t\t\t\t<section class=\"elementor-section elementor-inner-section elementor-element elementor-element-b845ba9 elementor-section-boxed elementor-section-height-default elementor-section-height-default\" data-id=\"b845ba9\" data-element_type=\"section\" data-settings=\"{&quot;_ha_eqh_enable&quot;:false}\">\n\t\t\t\t\t\t<div class=\"elementor-container elementor-column-gap-default\">\n\t\t\t\t\t<div class=\"elementor-column elementor-col-50 elementor-inner-column elementor-element elementor-element-966a584\" data-id=\"966a584\" data-element_type=\"column\" data-settings=\"{&quot;background_background&quot;:&quot;classic&quot;}\">\n\t\t\t<div class=\"elementor-widget-wrap elementor-element-populated\">\n\t\t\t\t\t\t<div class=\"elementor-element elementor-element-7581952 elementor-widget__width-initial elementor-widget elementor-widget-heading\" data-id=\"7581952\" data-element_type=\"widget\" data-widget_type=\"heading.default\">\n\t\t\t\t<div class=\"elementor-widget-container\">\n\t\t\t\t\t<h2 class=\"elementor-heading-title elementor-size-default\">Vieni a trovarci<\/h2>\t\t\t\t<\/div>\n\t\t\t\t<\/div>\n\t\t\t\t<div class=\"elementor-element elementor-element-1e170b3 elementor-widget elementor-widget-google_maps\" data-id=\"1e170b3\" data-element_type=\"widget\" data-widget_type=\"google_maps.default\">\n\t\t\t\t<div class=\"elementor-widget-container\">\n\t\t\t\t\t\t\t<div class=\"elementor-custom-embed\">\n\t\t\t<iframe loading=\"lazy\"\n\t\t\t\t\tsrc=\"https:\/\/maps.google.com\/maps?q=ITALCRUISE%20%20&#038;t=m&#038;z=15&#038;output=embed&#038;iwloc=near\"\n\t\t\t\t\ttitle=\"ITALCRUISE  \"\n\t\t\t\t\taria-label=\"ITALCRUISE  \"\n\t\t\t><\/iframe>\n\t\t<\/div>\n\t\t\t\t\t\t<\/div>\n\t\t\t\t<\/div>\n\t\t\t\t\t<\/div>\n\t\t<\/div>\n\t\t\t\t<div class=\"elementor-column elementor-col-50 elementor-inner-column elementor-element elementor-element-15b9fbd\" data-id=\"15b9fbd\" data-element_type=\"column\">\n\t\t\t<div class=\"elementor-widget-wrap elementor-element-populated\">\n\t\t\t\t\t\t<div class=\"elementor-element elementor-element-cda68f4 elementor-widget elementor-widget-heading\" data-id=\"cda68f4\" data-element_type=\"widget\" data-widget_type=\"heading.default\">\n\t\t\t\t<div class=\"elementor-widget-container\">\n\t\t\t\t\t<h2 class=\"elementor-heading-title elementor-size-default\">Contatti<\/h2>\t\t\t\t<\/div>\n\t\t\t\t<\/div>\n\t\t\t\t<div class=\"elementor-element elementor-element-746848f elementor-mobile-align-center elementor-icon-list--layout-traditional elementor-list-item-link-full_width elementor-widget elementor-widget-icon-list\" data-id=\"746848f\" data-element_type=\"widget\" data-widget_type=\"icon-list.default\">\n\t\t\t\t<div class=\"elementor-widget-container\">\n\t\t\t\t\t\t\t<ul class=\"elementor-icon-list-items\">\n\t\t\t\t\t\t\t<li class=\"elementor-icon-list-item\">\n\t\t\t\t\t\t\t\t\t\t\t<a href=\"tel:829-750-5156\">\n\n\t\t\t\t\t\t\t\t\t\t\t\t<span class=\"elementor-icon-list-icon\">\n\t\t\t\t\t\t\t<svg aria-hidden=\"true\" class=\"e-font-icon-svg e-fas-phone-alt\" viewbox=\"0 0 512 512\" xmlns=\"http:\/\/www.w3.org\/2000\/svg\"><path d=\"M497.39 361.8l-112-48a24 24 0 0 0-28 6.9l-49.6 60.6A370.66 370.66 0 0 1 130.6 204.11l60.6-49.6a23.94 23.94 0 0 0 6.9-28l-48-112A24.16 24.16 0 0 0 122.6.61l-104 24A24 24 0 0 0 0 48c0 256.5 207.9 464 464 464a24 24 0 0 0 23.4-18.6l24-104a24.29 24.29 0 0 0-14.01-27.6z\"><\/path><\/svg>\t\t\t\t\t\t<\/span>\n\t\t\t\t\t\t\t\t\t\t<span class=\"elementor-icon-list-text\">Telefono \/ WhatsApp: 829-750-5156<\/span>\n\t\t\t\t\t\t\t\t\t\t\t<\/a>\n\t\t\t\t\t\t\t\t\t<\/li>\n\t\t\t\t\t\t\t\t<li class=\"elementor-icon-list-item\">\n\t\t\t\t\t\t\t\t\t\t\t<a href=\"https:\/\/www.google.com\/maps?ll=18.348214,-68.826888&#038;z=15&#038;t=m&#038;hl=es&#038;gl=US&#038;mapclient=embed&#038;cid=8276385553715375929\" target=\"_blank\">\n\n\t\t\t\t\t\t\t\t\t\t\t\t<span class=\"elementor-icon-list-icon\">\n\t\t\t\t\t\t\t<svg aria-hidden=\"true\" class=\"e-font-icon-svg e-fas-map-marker-alt\" viewbox=\"0 0 384 512\" xmlns=\"http:\/\/www.w3.org\/2000\/svg\"><path d=\"M172.268 501.67C26.97 291.031 0 269.413 0 192 0 85.961 85.961 0 192 0s192 85.961 192 192c0 77.413-26.97 99.031-172.268 309.67-9.535 13.774-29.93 13.773-39.464 0zM192 272c44.183 0 80-35.817 80-80s-35.817-80-80-80-80 35.817-80 80 35.817 80 80 80z\"><\/path><\/svg>\t\t\t\t\t\t<\/span>\n\t\t\t\t\t\t\t\t\t\t<span class=\"elementor-icon-list-text\">Ubicazione: Bayah\u00edbe, La Altagracia, Repubblica Dominicana<\/span>\n\t\t\t\t\t\t\t\t\t\t\t<\/a>\n\t\t\t\t\t\t\t\t\t<\/li>\n\t\t\t\t\t\t<\/ul>\n\t\t\t\t\t\t<\/div>\n\t\t\t\t<\/div>\n\t\t\t\t<div class=\"elementor-element elementor-element-6e70163 elementor-widget elementor-widget-heading\" data-id=\"6e70163\" data-element_type=\"widget\" data-widget_type=\"heading.default\">\n\t\t\t\t<div class=\"elementor-widget-container\">\n\t\t\t\t\t<h2 class=\"elementor-heading-title elementor-size-default\">Seguici<\/h2>\t\t\t\t<\/div>\n\t\t\t\t<\/div>\n\t\t\t\t<div class=\"elementor-element elementor-element-e562918 elementor-widget__width-auto elementor-widget-mobile__width-initial elementor-view-default elementor-widget elementor-widget-icon\" data-id=\"e562918\" data-element_type=\"widget\" data-widget_type=\"icon.default\">\n\t\t\t\t<div class=\"elementor-widget-container\">\n\t\t\t\t\t\t\t<div class=\"elementor-icon-wrapper\">\n\t\t\t<a class=\"elementor-icon\" href=\"https:\/\/www.instagram.com\/italcruise\" target=\"_blank\">\n\t\t\t<svg xmlns=\"http:\/\/www.w3.org\/2000\/svg\" xmlns:xlink=\"http:\/\/www.w3.org\/1999\/xlink\" id=\"Capa_1\" x=\"0px\" y=\"0px\" viewbox=\"0 0 600 600\" style=\"enable-background:new 0 0 600 600;\" xml:space=\"preserve\"><g>\t<path d=\"M1310.8,91.5c-148.4,0-296.9,0-445.3,0c-1.3-2.2-3.8-1.6-5.7-2.1c-34.6-8.8-56.9-30.4-67.5-64.3c-1-3.2-0.6-6.9-3-9.7  c0-148.9,0-297.9,0-446.8c2.2-1.4,1.6-3.8,2-5.7c9.2-41,45.5-70.3,87.7-70.3c140.1-0.1,280.3-0.1,420.4,0c40.9,0,76.3,27.4,87,66.9  c0.9,3.4,0.6,7.2,2.8,10.3c0,148.5,0,297.1,0,445.6c-2.2,1.3-1.6,3.8-2.1,5.7c-9,35-31,57.3-65.5,67.7  C1318.1,89.9,1314.2,89.6,1310.8,91.5z M860.8-208.1c0,46.4,0,92.8,0,139.2c0.1,50.2,38.7,89,88.9,89c93,0.1,185.9,0.1,278.9,0  c50.6,0,89.2-38.7,89.2-89.3c0.1-92.4,0-184.8,0-277.2c0-51.3-38.6-89.6-90.1-89.6c-92.2,0-184.4,0-276.6,0  c-52.2,0-90.4,38.3-90.4,90.5C860.8-299.7,860.8-253.9,860.8-208.1z\"><\/path>\t<path d=\"M1089.5-400.9c45.7,0,91.4,0,137.1,0c33.8,0,56.1,22.2,56.2,55.9c0,91.4,0,182.8,0,274.2c0,33.7-22.3,55.9-56.1,55.9  c-91.6,0-183.1,0-274.7,0C918.4-15,896-37.3,896-70.6c0-91.6,0-183.2,0-274.8c0-33.3,22.4-55.6,55.8-55.6  C997.7-400.9,1043.6-400.9,1089.5-400.9z M1089.5-85.1c67.7-0.1,122.8-55.1,122.9-122.7c0.1-67.8-55.3-123-123.2-123  c-67.7,0.1-122.8,55.1-122.9,122.7C966.2-140.3,1021.5-85.1,1089.5-85.1z M1212.2-295.7c19.2,0.1,35.1-15.5,35.3-34.6  c0.2-19.5-15.5-35.5-35-35.5c-19.3-0.1-35.1,15.5-35.3,34.6C1177-311.8,1192.8-295.7,1212.2-295.7z\"><\/path>\t<path d=\"M1001.4-207.8c0-48.3,39.4-87.8,87.7-87.8c48.4,0,88,39.3,88,87.6c0.1,48.3-39.4,87.8-87.7,87.9  C1041.1-120.2,1001.5-159.5,1001.4-207.8z\"><\/path><\/g><g>\t<path d=\"M1242.3,631.2c-0.1-165.6,134.2-300.1,299.8-300.2c165.6-0.1,300.1,134.2,300.2,299.8c0.1,165.6-134.2,300.1-299.8,300.2  C1376.9,931.1,1242.3,796.7,1242.3,631.2z M1357,625.8c0,27.8,0,50.2,0,72.6c0,8.8,0.3,17.6,1.7,26.3c5.7,35.6,22.5,63.2,56.2,78.7  c17.1,7.9,35.4,11,54.2,11.1c46.6,0.2,93.2,0,139.8,0.1c10.4,0,20.8-0.5,31-2.3c37.5-6.6,65.4-25.5,79.4-62.1  c5.9-15.3,8.3-31.2,8.3-47.5c0.1-46,0-92,0-138c0-9-0.3-18-1.7-26.9c-5.1-32.5-19.5-59-49-75.4c-18.6-10.3-38.9-14.5-59.9-14.6  c-49.8-0.3-99.6-0.3-149.4,0c-18.3,0.1-36.2,3.4-52.9,11.2c-37.5,17.4-53.9,49-57,88.4C1355.5,575.1,1357.4,603.2,1357,625.8z\"><\/path>\t<path d=\"M1542,482.3c25,0,50-0.1,75,0c8,0,15.9,1.3,23.7,3c33.2,7.2,47.6,33,51.5,58.3c1.1,6.7,1.3,13.5,1.3,20.3  c-0.1,45.8,0,91.6,0,137.4c0,11.5-1.5,22.7-5.4,33.5c-10,27.1-30.3,41.1-58.3,43.6c-34.9,3.1-69.9,1.6-104.9,1.8  c-18.2,0.1-36.4-0.3-54.6-0.5c-9.4-0.1-18.7-1.3-27.9-3.4c-31.9-7.5-46.3-33-50.1-58.3c-1-6.7-1.3-13.5-1.3-20.3c0-46,0-92,0-138  c0-11.1,1.5-21.9,5.3-32.3c9.9-27.1,30.1-40.9,58.1-43.9c24.3-2.6,48.7-1.2,73.1-1.8c4.8-0.1,9.6,0,14.4,0  C1542,481.9,1542,482.1,1542,482.3z M1542.3,728.6c53.5,0.2,97.2-43.2,97.5-96.8c0.2-54.1-42.9-98-96.7-98.2  c-54.5-0.3-98,42.7-98.4,97.1C1444.4,684.7,1487.8,728.3,1542.3,728.6z M1640.7,553.4c10.7-0.1,19.3-9,19.1-19.6  c-0.2-10.7-8.8-19.2-19.6-19.2c-10.7,0-19.4,8.7-19.4,19.4C1620.8,544.9,1629.6,553.6,1640.7,553.4z\"><\/path>\t<path d=\"M1479.3,631c0-34.7,28-62.8,62.8-62.9c35-0.1,63.4,28.3,63.1,63.2c-0.3,34.9-28.4,62.7-63.1,62.6  C1507.3,693.8,1479.3,665.7,1479.3,631z\"><\/path><\/g><g>\t<path d=\"M300,600c-49.4,0-98.8,0.1-148.2,0C82.3,599.7,24.2,555.8,5.6,489.7c-3.8-13.4-5.4-27.1-5.4-41  C0.1,349.5-0.2,250.2,0.2,151C0.4,77.7,49.3,18.2,121.1,3c10.2-2.2,20.6-3,31.1-3c98.6,0,197.2-0.1,295.7,0  c74,0.1,134.1,49,149.1,121.1c2.2,10.5,2.9,21.1,2.9,31.7c0,98.2,0.1,196.3,0,294.5c-0.1,72-46.4,131.5-115,148.3  c-12.7,3.1-25.6,4.2-38.6,4.2C397.6,600,348.8,600,300,600z M300.2,136.4c-90.2-0.1-163.6,73.2-163.7,163.4  c-0.1,90.2,73.2,163.6,163.4,163.7c90.2,0.1,163.6-73.2,163.7-163.4C463.6,209.9,390.4,136.5,300.2,136.4z M463.8,191  c29.9-0.2,54.4-24.9,54.3-54.7c-0.1-29.9-24.6-54.4-54.5-54.5c-30-0.1-55,25.1-54.6,55C409.4,166.8,434.1,191.3,463.8,191z\"><\/path>\t<path d=\"M300.2,191.1c60.4,0.1,108.9,48.8,108.7,109.3c-0.2,60.4-49.1,108.9-109.4,108.6c-60.2-0.3-108.4-48.8-108.4-109  C191.2,239.5,239.8,191,300.2,191.1z\"><\/path><\/g><\/svg>\t\t\t<\/a>\n\t\t<\/div>\n\t\t\t\t\t\t<\/div>\n\t\t\t\t<\/div>\n\t\t\t\t<div class=\"elementor-element elementor-element-299db8a elementor-widget__width-auto elementor-view-default elementor-widget elementor-widget-icon\" data-id=\"299db8a\" data-element_type=\"widget\" data-widget_type=\"icon.default\">\n\t\t\t\t<div class=\"elementor-widget-container\">\n\t\t\t\t\t\t\t<div class=\"elementor-icon-wrapper\">\n\t\t\t<a class=\"elementor-icon\" href=\"https:\/\/www.facebook.com\/italcruiserd\" target=\"_blank\">\n\t\t\t<svg aria-hidden=\"true\" class=\"e-font-icon-svg e-fab-facebook\" viewbox=\"0 0 512 512\" xmlns=\"http:\/\/www.w3.org\/2000\/svg\"><path d=\"M504 256C504 119 393 8 256 8S8 119 8 256c0 123.78 90.69 226.38 209.25 245V327.69h-63V256h63v-54.64c0-62.15 37-96.48 93.67-96.48 27.14 0 55.52 4.84 55.52 4.84v61h-31.28c-30.8 0-40.41 19.12-40.41 38.73V256h68.78l-11 71.69h-57.78V501C413.31 482.38 504 379.78 504 256z\"><\/path><\/svg>\t\t\t<\/a>\n\t\t<\/div>\n\t\t\t\t\t\t<\/div>\n\t\t\t\t<\/div>\n\t\t\t\t<div class=\"elementor-element elementor-element-5754aee elementor-widget__width-auto elementor-view-default elementor-widget elementor-widget-icon\" data-id=\"5754aee\" data-element_type=\"widget\" data-widget_type=\"icon.default\">\n\t\t\t\t<div class=\"elementor-widget-container\">\n\t\t\t\t\t\t\t<div class=\"elementor-icon-wrapper\">\n\t\t\t<a class=\"elementor-icon\" href=\"https:\/\/www.youtube.com\/@italcruise.boatrentalexcursion\" target=\"_blank\">\n\t\t\t<svg aria-hidden=\"true\" class=\"e-font-icon-svg e-fab-youtube\" viewbox=\"0 0 576 512\" xmlns=\"http:\/\/www.w3.org\/2000\/svg\"><path d=\"M549.655 124.083c-6.281-23.65-24.787-42.276-48.284-48.597C458.781 64 288 64 288 64S117.22 64 74.629 75.486c-23.497 6.322-42.003 24.947-48.284 48.597-11.412 42.867-11.412 132.305-11.412 132.305s0 89.438 11.412 132.305c6.281 23.65 24.787 41.5 48.284 47.821C117.22 448 288 448 288 448s170.78 0 213.371-11.486c23.497-6.321 42.003-24.171 48.284-47.821 11.412-42.867 11.412-132.305 11.412-132.305s0-89.438-11.412-132.305zm-317.51 213.508V175.185l142.739 81.205-142.739 81.201z\"><\/path><\/svg>\t\t\t<\/a>\n\t\t<\/div>\n\t\t\t\t\t\t<\/div>\n\t\t\t\t<\/div>\n\t\t\t\t<div class=\"elementor-element elementor-element-7936ca1 elementor-widget__width-auto elementor-view-default elementor-widget elementor-widget-icon\" data-id=\"7936ca1\" data-element_type=\"widget\" data-widget_type=\"icon.default\">\n\t\t\t\t<div class=\"elementor-widget-container\">\n\t\t\t\t\t\t\t<div class=\"elementor-icon-wrapper\">\n\t\t\t<a class=\"elementor-icon\" href=\"https:\/\/www.tiktok.com\/@italcruise\" target=\"_blank\">\n\t\t\t<i aria-hidden=\"true\" class=\"icon icon-tiktok-square\"><\/i>\t\t\t<\/a>\n\t\t<\/div>\n\t\t\t\t\t\t<\/div>\n\t\t\t\t<\/div>\n\t\t\t\t\t<\/div>\n\t\t<\/div>\n\t\t\t\t\t<\/div>\n\t\t<\/section>\n\t\t\t\t\t<\/div>\n\t\t<\/div>\n\t\t\t\t\t<\/div>\n\t\t<\/section>\n\t\t\t\t<\/div>","protected":false},"excerpt":{"rendered":"<p>Ponte en contacto Visitanos Contactos Tel\u00e9fono \/ WhatsApp: 829-750-5156 Ubicaci\u00f3n: Bayah\u00edbe, La Altagracia, Rep\u00fablica Dominicana S\u00edguenos<\/p>","protected":false},"author":1,"featured_media":0,"parent":0,"menu_order":0,"comment_status":"closed","ping_status":"closed","template":"","meta":{"_joinchat":[],"footnotes":""},"class_list":["post-854","page","type-page","status-publish","hentry"],"yoast_head":"<!-- This site is optimized with the Yoast SEO plugin v26.6 - https:\/\/yoast.com\/wordpress\/plugins\/seo\/ -->\n<title>Excursiones, actividades, alquiler de embarcaciones, transporte | RD<\/title>\n<meta name=\"description\" content=\"Excursiones, actividades, alquiler de embarcaciones y servicios de transporte para que vivas experiencias inolvidables por mar y tierra.\" \/>\n<meta name=\"robots\" content=\"index, follow, max-snippet:-1, max-image-preview:large, max-video-preview:-1\" \/>\n<link rel=\"canonical\" href=\"https:\/\/italcruise.com\/it\/contacto\/\" \/>\n<meta property=\"og:locale\" content=\"it_IT\" \/>\n<meta property=\"og:type\" content=\"article\" \/>\n<meta property=\"og:title\" content=\"Excursiones, actividades, alquiler de embarcaciones, transporte | RD\" \/>\n<meta property=\"og:description\" content=\"Excursiones, actividades, alquiler de embarcaciones y servicios de transporte para que vivas experiencias inolvidables por mar y tierra.\" \/>\n<meta property=\"og:url\" content=\"https:\/\/italcruise.com\/it\/contacto\/\" \/>\n<meta property=\"og:site_name\" content=\"ITALCRUISE\" \/>\n<meta property=\"article:modified_time\" content=\"2026-03-04T18:04:15+00:00\" \/>\n<meta property=\"og:image\" content=\"https:\/\/italcruise.com\/wp-content\/uploads\/2025\/11\/ChatGPT-Image-24-nov-2025-10_51_24-1.png\" \/>\n\t<meta property=\"og:image:width\" content=\"937\" \/>\n\t<meta property=\"og:image:height\" content=\"245\" \/>\n\t<meta property=\"og:image:type\" content=\"image\/png\" \/>\n<meta name=\"twitter:card\" content=\"summary_large_image\" \/>\n<meta name=\"twitter:label1\" content=\"Tempo di lettura stimato\" \/>\n\t<meta name=\"twitter:data1\" content=\"1 minuto\" \/>\n<script type=\"application\/ld+json\" class=\"yoast-schema-graph\">{\"@context\":\"https:\/\/schema.org\",\"@graph\":[{\"@type\":\"WebPage\",\"@id\":\"https:\/\/italcruise.com\/contacto\/\",\"url\":\"https:\/\/italcruise.com\/contacto\/\",\"name\":\"Excursiones, actividades, alquiler de embarcaciones, transporte | RD\",\"isPartOf\":{\"@id\":\"https:\/\/italcruise.com\/#website\"},\"datePublished\":\"2025-11-24T14:58:51+00:00\",\"dateModified\":\"2026-03-04T18:04:15+00:00\",\"description\":\"Excursiones, actividades, alquiler de embarcaciones y servicios de transporte para que vivas experiencias inolvidables por mar y tierra.\",\"breadcrumb\":{\"@id\":\"https:\/\/italcruise.com\/contacto\/#breadcrumb\"},\"inLanguage\":\"it-IT\",\"potentialAction\":[{\"@type\":\"ReadAction\",\"target\":[\"https:\/\/italcruise.com\/contacto\/\"]}]},{\"@type\":\"BreadcrumbList\",\"@id\":\"https:\/\/italcruise.com\/contacto\/#breadcrumb\",\"itemListElement\":[{\"@type\":\"ListItem\",\"position\":1,\"name\":\"Home\",\"item\":\"https:\/\/italcruise.com\/\"},{\"@type\":\"ListItem\",\"position\":2,\"name\":\"Contacto\"}]},{\"@type\":\"WebSite\",\"@id\":\"https:\/\/italcruise.com\/#website\",\"url\":\"https:\/\/italcruise.com\/\",\"name\":\"ITALCRUISE\",\"description\":\"Vive el para\u00edso en Rep\u00fablica Dominicana\",\"publisher\":{\"@id\":\"https:\/\/italcruise.com\/#organization\"},\"potentialAction\":[{\"@type\":\"SearchAction\",\"target\":{\"@type\":\"EntryPoint\",\"urlTemplate\":\"https:\/\/italcruise.com\/?s={search_term_string}\"},\"query-input\":{\"@type\":\"PropertyValueSpecification\",\"valueRequired\":true,\"valueName\":\"search_term_string\"}}],\"inLanguage\":\"it-IT\"},{\"@type\":\"Organization\",\"@id\":\"https:\/\/italcruise.com\/#organization\",\"name\":\"ITALCRUISE\",\"url\":\"https:\/\/italcruise.com\/\",\"logo\":{\"@type\":\"ImageObject\",\"inLanguage\":\"it-IT\",\"@id\":\"https:\/\/italcruise.com\/#\/schema\/logo\/image\/\",\"url\":\"https:\/\/italcruise.com\/wp-content\/uploads\/2025\/11\/ChatGPT-Image-24-nov-2025-10_51_24-1.png\",\"contentUrl\":\"https:\/\/italcruise.com\/wp-content\/uploads\/2025\/11\/ChatGPT-Image-24-nov-2025-10_51_24-1.png\",\"width\":937,\"height\":245,\"caption\":\"ITALCRUISE \"},\"image\":{\"@id\":\"https:\/\/italcruise.com\/#\/schema\/logo\/image\/\"}}]}<\/script>\n<!-- \/ Yoast SEO plugin. -->","yoast_head_json":{"title":"Excursiones, actividades, alquiler de embarcaciones, transporte | RD","description":"Excursiones, actividades, alquiler de embarcaciones y servicios de transporte para que vivas experiencias inolvidables por mar y tierra.","robots":{"index":"index","follow":"follow","max-snippet":"max-snippet:-1","max-image-preview":"max-image-preview:large","max-video-preview":"max-video-preview:-1"},"canonical":"https:\/\/italcruise.com\/it\/contacto\/","og_locale":"it_IT","og_type":"article","og_title":"Excursiones, actividades, alquiler de embarcaciones, transporte | RD","og_description":"Excursiones, actividades, alquiler de embarcaciones y servicios de transporte para que vivas experiencias inolvidables por mar y tierra.","og_url":"https:\/\/italcruise.com\/it\/contacto\/","og_site_name":"ITALCRUISE","article_modified_time":"2026-03-04T18:04:15+00:00","og_image":[{"width":937,"height":245,"url":"https:\/\/italcruise.com\/wp-content\/uploads\/2025\/11\/ChatGPT-Image-24-nov-2025-10_51_24-1.png","type":"image\/png"}],"twitter_card":"summary_large_image","twitter_misc":{"Tempo di lettura stimato":"1 minuto"},"schema":{"@context":"https:\/\/schema.org","@graph":[{"@type":"WebPage","@id":"https:\/\/italcruise.com\/contacto\/","url":"https:\/\/italcruise.com\/contacto\/","name":"Excursiones, actividades, alquiler de embarcaciones, transporte | RD","isPartOf":{"@id":"https:\/\/italcruise.com\/#website"},"datePublished":"2025-11-24T14:58:51+00:00","dateModified":"2026-03-04T18:04:15+00:00","description":"Excursiones, actividades, alquiler de embarcaciones y servicios de transporte para que vivas experiencias inolvidables por mar y tierra.","breadcrumb":{"@id":"https:\/\/italcruise.com\/contacto\/#breadcrumb"},"inLanguage":"it-IT","potentialAction":[{"@type":"ReadAction","target":["https:\/\/italcruise.com\/contacto\/"]}]},{"@type":"BreadcrumbList","@id":"https:\/\/italcruise.com\/contacto\/#breadcrumb","itemListElement":[{"@type":"ListItem","position":1,"name":"Home","item":"https:\/\/italcruise.com\/"},{"@type":"ListItem","position":2,"name":"Contacto"}]},{"@type":"WebSite","@id":"https:\/\/italcruise.com\/#website","url":"https:\/\/italcruise.com\/","name":"ITALCRUISE","description":"Vive el para\u00edso en Rep\u00fablica Dominicana","publisher":{"@id":"https:\/\/italcruise.com\/#organization"},"potentialAction":[{"@type":"SearchAction","target":{"@type":"EntryPoint","urlTemplate":"https:\/\/italcruise.com\/?s={search_term_string}"},"query-input":{"@type":"PropertyValueSpecification","valueRequired":true,"valueName":"search_term_string"}}],"inLanguage":"it-IT"},{"@type":"Organization","@id":"https:\/\/italcruise.com\/#organization","name":"ITALCRUISE","url":"https:\/\/italcruise.com\/","logo":{"@type":"ImageObject","inLanguage":"it-IT","@id":"https:\/\/italcruise.com\/#\/schema\/logo\/image\/","url":"https:\/\/italcruise.com\/wp-content\/uploads\/2025\/11\/ChatGPT-Image-24-nov-2025-10_51_24-1.png","contentUrl":"https:\/\/italcruise.com\/wp-content\/uploads\/2025\/11\/ChatGPT-Image-24-nov-2025-10_51_24-1.png","width":937,"height":245,"caption":"ITALCRUISE "},"image":{"@id":"https:\/\/italcruise.com\/#\/schema\/logo\/image\/"}}]}},"_links":{"self":[{"href":"https:\/\/italcruise.com\/it\/wp-json\/wp\/v2\/pages\/854","targetHints":{"allow":["GET"]}}],"collection":[{"href":"https:\/\/italcruise.com\/it\/wp-json\/wp\/v2\/pages"}],"about":[{"href":"https:\/\/italcruise.com\/it\/wp-json\/wp\/v2\/types\/page"}],"author":[{"embeddable":true,"href":"https:\/\/italcruise.com\/it\/wp-json\/wp\/v2\/users\/1"}],"replies":[{"embeddable":true,"href":"https:\/\/italcruise.com\/it\/wp-json\/wp\/v2\/comments?post=854"}],"version-history":[{"count":64,"href":"https:\/\/italcruise.com\/it\/wp-json\/wp\/v2\/pages\/854\/revisions"}],"predecessor-version":[{"id":1538,"href":"https:\/\/italcruise.com\/it\/wp-json\/wp\/v2\/pages\/854\/revisions\/1538"}],"wp:attachment":[{"href":"https:\/\/italcruise.com\/it\/wp-json\/wp\/v2\/media?parent=854"}],"curies":[{"name":"wp","href":"https:\/\/api.w.org\/{rel}","templated":true}]}}